{"id":183,"date":"2023-05-15T08:40:00","date_gmt":"2023-05-15T11:40:00","guid":{"rendered":"https:\/\/osmareoblues.com.br\/index.php\/7-2-copy\/"},"modified":"2023-12-21T18:19:49","modified_gmt":"2023-12-21T21:19:49","slug":"bio","status":"publish","type":"page","link":"https:\/\/osmareoblues.com.br\/index.php\/bio\/","title":{"rendered":"Biografia"},"content":{"rendered":"\t\t<div data-elementor-type=\"wp-page\" data-elementor-id=\"183\" class=\"elementor elementor-183\" data-elementor-post-type=\"page\">\n\t\t\t\t<div class=\"elementor-element elementor-element-c34631c e-con-full e-flex e-con e-parent\" data-id=\"c34631c\" data-element_type=\"container\" data-e-type=\"container\">\n\t\t\t\t<div class=\"elementor-element elementor-element-3a5eabb elementor-widget__width-inherit elementor-widget elementor-widget-image\" data-id=\"3a5eabb\" data-element_type=\"widget\" data-e-type=\"widget\" data-widget_type=\"image.default\">\n\t\t\t\t<div class=\"elementor-widget-container\">\n\t\t\t\t\t\t\t\t\t\t\t\t\t\t\t<img decoding=\"async\" src=\"https:\/\/osmareoblues.com.br\/wp-content\/uploads\/elementor\/thumbs\/WhatsApp-Image-2023-09-18-at-13.25.52-qco1msmg615f5r940x5o0sh3htyrtokxss0txdtehs.jpeg\" title=\"WhatsApp Image 2023-09-18 at 13.25.52\" alt=\"WhatsApp Image 2023-09-18 at 13.25.52\" loading=\"lazy\" \/>\t\t\t\t\t\t\t\t\t\t\t\t\t\t\t<\/div>\n\t\t\t\t<\/div>\n\t\t\t\t<\/div>\n\t\t<div class=\"elementor-element elementor-element-dbcff69 e-flex e-con-boxed e-con e-parent\" data-id=\"dbcff69\" data-element_type=\"container\" data-e-type=\"container\">\n\t\t\t\t\t<div class=\"e-con-inner\">\n\t\t\t\t<div class=\"elementor-element elementor-element-a65a593 elementor-widget elementor-widget-image\" data-id=\"a65a593\" data-element_type=\"widget\" data-e-type=\"widget\" data-widget_type=\"image.default\">\n\t\t\t\t<div class=\"elementor-widget-container\">\n\t\t\t\t\t\t\t\t\t\t\t\t\t\t\t<img fetchpriority=\"high\" decoding=\"async\" width=\"843\" height=\"596\" src=\"https:\/\/osmareoblues.com.br\/wp-content\/uploads\/2023\/12\/Logo_Full_Primaria.png\" class=\"attachment-full size-full wp-image-959\" alt=\"\" srcset=\"https:\/\/osmareoblues.com.br\/wp-content\/uploads\/2023\/12\/Logo_Full_Primaria.png 843w, https:\/\/osmareoblues.com.br\/wp-content\/uploads\/2023\/12\/Logo_Full_Primaria-300x212.png 300w, https:\/\/osmareoblues.com.br\/wp-content\/uploads\/2023\/12\/Logo_Full_Primaria-768x543.png 768w, https:\/\/osmareoblues.com.br\/wp-content\/uploads\/2023\/12\/Logo_Full_Primaria-370x262.png 370w, https:\/\/osmareoblues.com.br\/wp-content\/uploads\/2023\/12\/Logo_Full_Primaria-651x460.png 651w\" sizes=\"(max-width: 843px) 100vw, 843px\" \/>\t\t\t\t\t\t\t\t\t\t\t\t\t\t\t<\/div>\n\t\t\t\t<\/div>\n\t\t\t\t\t<\/div>\n\t\t\t\t<\/div>\n\t\t<div class=\"elementor-element elementor-element-5931b39 e-grid e-con-boxed e-con e-parent\" data-id=\"5931b39\" data-element_type=\"container\" data-e-type=\"container\">\n\t\t\t\t\t<div class=\"e-con-inner\">\n\t\t\t\t<div class=\"elementor-element elementor-element-3c04b56 elementor-widget elementor-widget-image\" data-id=\"3c04b56\" data-element_type=\"widget\" data-e-type=\"widget\" data-widget_type=\"image.default\">\n\t\t\t\t<div class=\"elementor-widget-container\">\n\t\t\t\t\t\t\t\t\t\t\t\t\t\t\t<img decoding=\"async\" width=\"1068\" height=\"1600\" src=\"https:\/\/osmareoblues.com.br\/wp-content\/uploads\/2023\/09\/WhatsApp-Image-2023-09-18-at-13.28.23-2.jpeg\" class=\"attachment-full size-full wp-image-583\" alt=\"\" srcset=\"https:\/\/osmareoblues.com.br\/wp-content\/uploads\/2023\/09\/WhatsApp-Image-2023-09-18-at-13.28.23-2.jpeg 1068w, https:\/\/osmareoblues.com.br\/wp-content\/uploads\/2023\/09\/WhatsApp-Image-2023-09-18-at-13.28.23-2-200x300.jpeg 200w, https:\/\/osmareoblues.com.br\/wp-content\/uploads\/2023\/09\/WhatsApp-Image-2023-09-18-at-13.28.23-2-684x1024.jpeg 684w, https:\/\/osmareoblues.com.br\/wp-content\/uploads\/2023\/09\/WhatsApp-Image-2023-09-18-at-13.28.23-2-768x1151.jpeg 768w, https:\/\/osmareoblues.com.br\/wp-content\/uploads\/2023\/09\/WhatsApp-Image-2023-09-18-at-13.28.23-2-1025x1536.jpeg 1025w\" sizes=\"(max-width: 1068px) 100vw, 1068px\" \/>\t\t\t\t\t\t\t\t\t\t\t\t\t\t\t<\/div>\n\t\t\t\t<\/div>\n\t\t\t\t<div class=\"elementor-element elementor-element-86f3d52 elementor-widget elementor-widget-text-editor\" data-id=\"86f3d52\" data-element_type=\"widget\" data-e-type=\"widget\" data-widget_type=\"text-editor.default\">\n\t\t\t\t<div class=\"elementor-widget-container\">\n\t\t\t\t\t\t\t\t\t<p style=\"line-height: 1.38; margin-top: 0pt; margin-bottom: 0pt;\"><span style=\"background-color: transparent; font-family: Arial; font-size: 11pt; white-space: pre-wrap;\"><strong>Osmar Souza<\/strong> &#8211; <\/span>Gaita e voz<\/p><p>\u00a0<\/p><pre style=\"line-height: 1.38; margin-top: 0pt; margin-bottom: 0pt;\"><span style=\"background-color: transparent; font-family: Arial; font-size: 11pt; white-space: pre-wrap;\">Em atividade na cena musical mineira desde 1998, Osmar Souza se destaca como um dos principais nomes da harm\u00f4nica em Minas Gerais.<\/span><\/pre><p dir=\"ltr\" style=\"line-height: 1.38; margin-top: 0pt; margin-bottom: 0pt;\"><b style=\"font-weight: normal;\">\u00a0<\/b><\/p><p dir=\"ltr\" style=\"line-height: 1.38; margin-top: 0pt; margin-bottom: 0pt;\"><span style=\"font-size: 11pt; font-family: Arial; color: #000000; background-color: transparent; font-weight: 400; font-style: normal; font-variant: normal; text-decoration: none; vertical-align: baseline; white-space: pre-wrap;\">Possui forma\u00e7\u00e3o essencialmente autodidata, com foco no blues tradicional de Chicago, tendo como principais influ\u00eancias: Muddy Waters, Little Walter, Howlin\u2019 Wolf, Jimmy Rogers, Sonny Boy Williamson (I e II), Sonny Terry, Junior Wells, George \u201cHarmonica\u201d Smith, Rod Piazza, Paul Butterfield, William Clarke, Jerry Portnoy, Steve Baker, Charlie Musselwhite, Peter \u201cMadcat\u201d Ruth, Mark Ford, James Cotton, Carey Bell, dentre outros.<\/span><\/p><p dir=\"ltr\" style=\"line-height: 1.38; margin-top: 0pt; margin-bottom: 0pt;\"><b style=\"font-weight: normal;\">\u00a0<\/b><\/p><p dir=\"ltr\" style=\"line-height: 1.38; margin-top: 0pt; margin-bottom: 0pt;\"><span style=\"font-size: 11pt; font-family: Arial; color: #000000; background-color: transparent; font-weight: 400; font-style: normal; font-variant: normal; text-decoration: none; vertical-align: baseline; white-space: pre-wrap;\">Participou de diversos projetos musicais como o Zirigblues, conjunto experimental de blues com m\u00fasica brasileira, no per\u00edodo de 2005 a 2007.<\/span><\/p><p dir=\"ltr\" style=\"line-height: 1.38; margin-top: 0pt; margin-bottom: 0pt;\"><b style=\"font-weight: normal;\">\u00a0<\/b><\/p><p dir=\"ltr\" style=\"line-height: 1.38; margin-top: 0pt; margin-bottom: 0pt;\"><span style=\"font-size: 11pt; font-family: Arial; color: #000000; background-color: transparent; font-weight: 400; font-style: normal; font-variant: normal; text-decoration: none; vertical-align: baseline; white-space: pre-wrap;\">Integra a banda Audergang desde 2008, como gaitista, participando dos processos de composi\u00e7\u00e3o e grava\u00e7\u00e3o (Soul to Shuffle \u2013 2011, Blues for the Blues \u2013 2015 e No Time 4 Little Troubles &#8211; 2018) e realizando diversas apresenta\u00e7\u00f5es, merecendo destaque os shows de abertura do show do mestre da guitarra Johnny Winter no Chevrolet Hall &#8211; BH, abertura do show do Mark Farner (Grand Funk Railroad) no Music Hall \u2013 BH, abertura do show do Glenn Hughes no Music Hall \u2013 BH, Horizonte Blues Festival, Festival de Inverno de Itabira, Festival Dipana\u2019s Blues, Festival de Inverno de Caratinga, Festival de Inverno S\u00e3o Jo\u00e3o Del Rei, Festival de Inverno Conselheiro Lafaiete, Festival de Blues e Jazz de Tiradentes, BH Soul Blues Festival (edi\u00e7\u00f5es de 2013 a 2022), dentre muitos outros.<\/span><\/p><p dir=\"ltr\" style=\"line-height: 1.38; margin-top: 0pt; margin-bottom: 0pt;\"><b style=\"font-weight: normal;\">\u00a0<\/b><\/p><p dir=\"ltr\" style=\"line-height: 1.38; margin-top: 0pt; margin-bottom: 0pt;\"><span style=\"font-size: 11pt; font-family: Arial; color: #000000; background-color: transparent; font-weight: 400; font-style: normal; font-variant: normal; text-decoration: none; vertical-align: baseline; white-space: pre-wrap;\">Em sua extensa carreira, Osmar Souza j\u00e1 dividiu o palco com renomados m\u00fasicos do blues como JJ Jackson (Arkansas &#8211; EUA), Jason Ricci (New Orleans), Lurrie Bell (Chicago &#8211; EUA), Jimmy Burns (Mississipi &#8211; EUA), Willie Buck (Chicago), Sugar Blue (Chicago), Lil&#8217; Ed &amp; The Blues Imperials (Chicago), Lorenzo Thompson (Chicago), Sugar Blue (Chicago), Billy Branch (Chicago), Joe Filisko e Eric Noden (Chicago), Rick Estrin &amp; Nightcats (California &#8211; EUA), Wallace Coleman (Cleveland), Quique Gomez (Espanha), Fl\u00e1vio Guimar\u00e3es (Blues Et\u00edlicos &#8211; Rio de Janeiro), Jefferson Gon\u00e7alves (Rio de Janeiro), Robson Fernandes (S\u00e3o Paulo) e S\u00e9rgio Duarte (S\u00e3o Paulo), dentre muitos outros.<\/span><\/p>\t\t\t\t\t\t\t\t<\/div>\n\t\t\t\t<\/div>\n\t\t\t\t\t<\/div>\n\t\t\t\t<\/div>\n\t\t<div class=\"elementor-element elementor-element-f10d676 e-flex e-con-boxed e-con e-parent\" data-id=\"f10d676\" data-element_type=\"container\" data-e-type=\"container\">\n\t\t\t\t\t<div class=\"e-con-inner\">\n\t\t\t\t\t<\/div>\n\t\t\t\t<\/div>\n\t\t<div class=\"elementor-element elementor-element-cbb0116 e-flex e-con-boxed e-con e-parent\" data-id=\"cbb0116\" data-element_type=\"container\" data-e-type=\"container\">\n\t\t\t\t\t<div class=\"e-con-inner\">\n\t\t\t\t<div class=\"elementor-element elementor-element-79a1e23 elementor-grid-3 elementor-grid-tablet-2 elementor-grid-mobile-1 elementor-posts--thumbnail-top elementor-widget elementor-widget-posts\" data-id=\"79a1e23\" data-element_type=\"widget\" data-e-type=\"widget\" data-settings=\"{&quot;classic_columns&quot;:&quot;3&quot;,&quot;classic_columns_tablet&quot;:&quot;2&quot;,&quot;classic_columns_mobile&quot;:&quot;1&quot;,&quot;classic_row_gap&quot;:{&quot;unit&quot;:&quot;px&quot;,&quot;size&quot;:35,&quot;sizes&quot;:[]},&quot;classic_row_gap_tablet&quot;:{&quot;unit&quot;:&quot;px&quot;,&quot;size&quot;:&quot;&quot;,&quot;sizes&quot;:[]},&quot;classic_row_gap_mobile&quot;:{&quot;unit&quot;:&quot;px&quot;,&quot;size&quot;:&quot;&quot;,&quot;sizes&quot;:[]}}\" data-widget_type=\"posts.classic\">\n\t\t\t\t<div class=\"elementor-widget-container\">\n\t\t\t\t\t\t\t<div class=\"elementor-posts-container elementor-posts elementor-posts--skin-classic elementor-grid\" role=\"list\">\n\t\t\t\t<article class=\"elementor-post elementor-grid-item post-658 post type-post status-publish format-standard has-post-thumbnail hentry category-banda\" role=\"listitem\">\n\t\t\t\t<a class=\"elementor-post__thumbnail__link\" href=\"https:\/\/osmareoblues.com.br\/index.php\/2023\/09\/25\/breno-fonseca-guitarra\/\" tabindex=\"-1\" >\n\t\t\t<div class=\"elementor-post__thumbnail\"><img decoding=\"async\" width=\"1068\" height=\"1600\" src=\"https:\/\/osmareoblues.com.br\/wp-content\/uploads\/2023\/09\/WhatsApp-Image-2023-09-18-at-13.27.35.jpeg\" class=\"attachment-full size-full wp-image-581\" alt=\"\" srcset=\"https:\/\/osmareoblues.com.br\/wp-content\/uploads\/2023\/09\/WhatsApp-Image-2023-09-18-at-13.27.35.jpeg 1068w, https:\/\/osmareoblues.com.br\/wp-content\/uploads\/2023\/09\/WhatsApp-Image-2023-09-18-at-13.27.35-200x300.jpeg 200w, https:\/\/osmareoblues.com.br\/wp-content\/uploads\/2023\/09\/WhatsApp-Image-2023-09-18-at-13.27.35-684x1024.jpeg 684w, https:\/\/osmareoblues.com.br\/wp-content\/uploads\/2023\/09\/WhatsApp-Image-2023-09-18-at-13.27.35-768x1151.jpeg 768w, https:\/\/osmareoblues.com.br\/wp-content\/uploads\/2023\/09\/WhatsApp-Image-2023-09-18-at-13.27.35-1025x1536.jpeg 1025w\" sizes=\"(max-width: 1068px) 100vw, 1068px\" \/><\/div>\n\t\t<\/a>\n\t\t\t\t<div class=\"elementor-post__text\">\n\t\t\t\t<h3 class=\"elementor-post__title\">\n\t\t\t<a href=\"https:\/\/osmareoblues.com.br\/index.php\/2023\/09\/25\/breno-fonseca-guitarra\/\" >\n\t\t\t\tBreno Fonseca\u00a0&#8211; Guitarra\t\t\t<\/a>\n\t\t<\/h3>\n\t\t\t\t<div class=\"elementor-post__excerpt\">\n\t\t\t<p>Bacharel em M\u00fasica Popular pela UFMG, estudou guitarra com Wilson Lopes. Durante o curso atuou como guitarrista na Orquestra Mineira de Guitarras (OMG), liderada pelo professor Wilson Lopes, e na Geraes Big Band, regida pelo professor e saxofonista Cl\u00e9ber Alves. Posteriormente estudou harmonia e arranjo com o maestro N\u00e9stor Lombida. Atuou como guitarrista na banda Fullhand (Blues e Rock), como violonista, flautista e arranjador no show \u201cTempo de Amor\u201d que presta tributo \u00e0 obra de Vin\u00edcius de Moraes, e atualmente \u00e9 guitarrista da consagrada banda Tremend\u00f5es, que em 2023 retorna aos palcos interpretando os sucessos da Jovem Guarda. Tamb\u00e9m compositor, est\u00e1 no processo de realiza\u00e7\u00e3o do seu primeiro EP, que sintetiza atrav\u00e9s das composi\u00e7\u00f5es todas as suas influ\u00eancias vindas do universo da m\u00fasica instrumental e do Jazz.<\/p>\n\t\t<\/div>\n\t\t\t\t<\/div>\n\t\t\t\t<\/article>\n\t\t\t\t<article class=\"elementor-post elementor-grid-item post-668 post type-post status-publish format-standard has-post-thumbnail hentry category-banda\" role=\"listitem\">\n\t\t\t\t<a class=\"elementor-post__thumbnail__link\" href=\"https:\/\/osmareoblues.com.br\/index.php\/2023\/09\/25\/tulio-bastos-bateria\/\" tabindex=\"-1\" >\n\t\t\t<div class=\"elementor-post__thumbnail\"><img loading=\"lazy\" decoding=\"async\" width=\"1068\" height=\"1600\" src=\"https:\/\/osmareoblues.com.br\/wp-content\/uploads\/2023\/09\/WhatsApp-Image-2023-09-18-at-13.27.11.jpeg\" class=\"attachment-full size-full wp-image-580\" alt=\"\" srcset=\"https:\/\/osmareoblues.com.br\/wp-content\/uploads\/2023\/09\/WhatsApp-Image-2023-09-18-at-13.27.11.jpeg 1068w, https:\/\/osmareoblues.com.br\/wp-content\/uploads\/2023\/09\/WhatsApp-Image-2023-09-18-at-13.27.11-200x300.jpeg 200w, https:\/\/osmareoblues.com.br\/wp-content\/uploads\/2023\/09\/WhatsApp-Image-2023-09-18-at-13.27.11-684x1024.jpeg 684w, https:\/\/osmareoblues.com.br\/wp-content\/uploads\/2023\/09\/WhatsApp-Image-2023-09-18-at-13.27.11-768x1151.jpeg 768w, https:\/\/osmareoblues.com.br\/wp-content\/uploads\/2023\/09\/WhatsApp-Image-2023-09-18-at-13.27.11-1025x1536.jpeg 1025w\" sizes=\"(max-width: 1068px) 100vw, 1068px\" \/><\/div>\n\t\t<\/a>\n\t\t\t\t<div class=\"elementor-post__text\">\n\t\t\t\t<h3 class=\"elementor-post__title\">\n\t\t\t<a href=\"https:\/\/osmareoblues.com.br\/index.php\/2023\/09\/25\/tulio-bastos-bateria\/\" >\n\t\t\t\tT\u00falio Bastos\u00a0&#8211; Bateria\t\t\t<\/a>\n\t\t<\/h3>\n\t\t\t\t<div class=\"elementor-post__excerpt\">\n\t\t\t\t\t<\/div>\n\t\t\t\t<\/div>\n\t\t\t\t<\/article>\n\t\t\t\t<article class=\"elementor-post elementor-grid-item post-666 post type-post status-publish format-standard has-post-thumbnail hentry category-banda\" role=\"listitem\">\n\t\t\t\t<a class=\"elementor-post__thumbnail__link\" href=\"https:\/\/osmareoblues.com.br\/index.php\/2023\/09\/25\/lucas-zallio-baixo\/\" tabindex=\"-1\" >\n\t\t\t<div class=\"elementor-post__thumbnail\"><img loading=\"lazy\" decoding=\"async\" width=\"1068\" height=\"1600\" src=\"https:\/\/osmareoblues.com.br\/wp-content\/uploads\/2023\/09\/WhatsApp-Image-2023-09-18-at-13.27.11-1.jpeg\" class=\"attachment-full size-full wp-image-579\" alt=\"\" srcset=\"https:\/\/osmareoblues.com.br\/wp-content\/uploads\/2023\/09\/WhatsApp-Image-2023-09-18-at-13.27.11-1.jpeg 1068w, https:\/\/osmareoblues.com.br\/wp-content\/uploads\/2023\/09\/WhatsApp-Image-2023-09-18-at-13.27.11-1-200x300.jpeg 200w, https:\/\/osmareoblues.com.br\/wp-content\/uploads\/2023\/09\/WhatsApp-Image-2023-09-18-at-13.27.11-1-684x1024.jpeg 684w, https:\/\/osmareoblues.com.br\/wp-content\/uploads\/2023\/09\/WhatsApp-Image-2023-09-18-at-13.27.11-1-768x1151.jpeg 768w, https:\/\/osmareoblues.com.br\/wp-content\/uploads\/2023\/09\/WhatsApp-Image-2023-09-18-at-13.27.11-1-1025x1536.jpeg 1025w\" sizes=\"(max-width: 1068px) 100vw, 1068px\" \/><\/div>\n\t\t<\/a>\n\t\t\t\t<div class=\"elementor-post__text\">\n\t\t\t\t<h3 class=\"elementor-post__title\">\n\t\t\t<a href=\"https:\/\/osmareoblues.com.br\/index.php\/2023\/09\/25\/lucas-zallio-baixo\/\" >\n\t\t\t\tLucas Zallio\u00a0&#8211; Baixo\t\t\t<\/a>\n\t\t<\/h3>\n\t\t\t\t<div class=\"elementor-post__excerpt\">\n\t\t\t<p>Despertou interesse pela m\u00fasica ainda na inf\u00e2ncia por influ\u00eancia de seus familiares, m\u00fasicos profissionais, em especial seu pai. Autodidata, escolheu o contrabaixo como instrumento de sua predile\u00e7\u00e3o aos 14 anos, permanecendo contrabaixista pelos \u00faltimos 27 anos. J\u00e1 na adolesc\u00eancia tocava na cena noturna belorizontina, a partir da segunda metade da d\u00e9cada de 1990, quando come\u00e7ou a participar da forma\u00e7\u00e3o de diversas bandas de rock e blues independentes (Deja Blue; Black Blues; Fullhand, dentre outras). Recentemente, foi finalista e vencedor do Concurso Novos Talentos do Blues e Jazz\/2020, categoria Blues, e participou de alguns Festivais Internacionais de Blues com a banda Fullhand, da qual foi um dos fundadores, dividindo o palco com grandes nomes do g\u00eanero, nacionais e estrangeiros.<\/p>\n\t\t<\/div>\n\t\t\t\t<\/div>\n\t\t\t\t<\/article>\n\t\t\t\t<\/div>\n\t\t\n\t\t\t\t\t\t<\/div>\n\t\t\t\t<\/div>\n\t\t\t\t\t<\/div>\n\t\t\t\t<\/div>\n\t\t\t\t<\/div>\n\t\t","protected":false},"excerpt":{"rendered":"<p>Osmar Souza &#8211; Gaita e voz \u00a0 Em atividade na cena musical mineira desde 1998, Osmar Souza se destaca como um dos principais nomes da harm\u00f4nica em Minas Gerais. \u00a0 Possui forma\u00e7\u00e3o essencialmente autodidata, com foco no blues tradicional de Chicago, tendo como principais influ\u00eancias: Muddy Waters, Little Walter, Howlin\u2019 Wolf, Jimmy Rogers, Sonny Boy [&hellip;]<\/p>\n","protected":false},"author":1,"featured_media":0,"parent":0,"menu_order":0,"comment_status":"closed","ping_status":"closed","template":"elementor_header_footer","meta":{"footnotes":""},"folder":[],"class_list":["post-183","page","type-page","status-publish","hentry"],"_links":{"self":[{"href":"https:\/\/osmareoblues.com.br\/index.php\/wp-json\/wp\/v2\/pages\/183","targetHints":{"allow":["GET"]}}],"collection":[{"href":"https:\/\/osmareoblues.com.br\/index.php\/wp-json\/wp\/v2\/pages"}],"about":[{"href":"https:\/\/osmareoblues.com.br\/index.php\/wp-json\/wp\/v2\/types\/page"}],"author":[{"embeddable":true,"href":"https:\/\/osmareoblues.com.br\/index.php\/wp-json\/wp\/v2\/users\/1"}],"replies":[{"embeddable":true,"href":"https:\/\/osmareoblues.com.br\/index.php\/wp-json\/wp\/v2\/comments?post=183"}],"version-history":[{"count":96,"href":"https:\/\/osmareoblues.com.br\/index.php\/wp-json\/wp\/v2\/pages\/183\/revisions"}],"predecessor-version":[{"id":963,"href":"https:\/\/osmareoblues.com.br\/index.php\/wp-json\/wp\/v2\/pages\/183\/revisions\/963"}],"wp:attachment":[{"href":"https:\/\/osmareoblues.com.br\/index.php\/wp-json\/wp\/v2\/media?parent=183"}],"wp:term":[{"taxonomy":"folder","embeddable":true,"href":"https:\/\/osmareoblues.com.br\/index.php\/wp-json\/wp\/v2\/folder?post=183"}],"curies":[{"name":"wp","href":"https:\/\/api.w.org\/{rel}","templated":true}]}}